{"id":26,"date":"2020-12-08T03:54:16","date_gmt":"2020-12-08T03:54:16","guid":{"rendered":"https:\/\/gaviaspreview.com\/wp\/conult\/?page_id=26"},"modified":"2020-12-08T03:54:16","modified_gmt":"2020-12-08T03:54:16","slug":"news-2","status":"publish","type":"page","link":"https:\/\/landingwp.links.com.ec\/en\/news-2\/","title":{"rendered":"News II"},"content":{"rendered":"\t\t<div data-elementor-type=\"wp-page\" data-elementor-id=\"26\" class=\"elementor elementor-26\">\n\t\t\t\t\t\t\t\t\t<section class=\"elementor-section elementor-top-section elementor-element elementor-element-bab952e elementor-section-full_width elementor-section-height-default elementor-section-height-default\" data-id=\"bab952e\" data-element_type=\"section\">\n\t\t\t\t\t\t<div class=\"elementor-container elementor-column-gap-default\">\n\t\t\t\t\t<div class=\"elementor-column elementor-col-100 elementor-top-column elementor-element elementor-element-a9d9793\" data-id=\"a9d9793\" data-element_type=\"column\">\n\t\t\t<div class=\"elementor-widget-wrap elementor-element-populated\">\n\t\t\t\t\t\t\t\t<div class=\"elementor-element elementor-element-d691118 elementor-widget elementor-widget-gva_post_breadcrumb\" data-id=\"d691118\" data-element_type=\"widget\" data-widget_type=\"gva_post_breadcrumb.default\">\n\t\t\t\t<div class=\"elementor-widget-container\">\n\t\t\t<div class=\"gva-element-gva_post_breadcrumb gva-element\">   \r\n<div class=\"post-breadcrumb\">\r\n   <div class=\"custom-breadcrumb \" >\r\n            <div class=\"breadcrumb-main\">\r\n        <div class=\"container\">\r\n          <div class=\"breadcrumb-container-inner\">\r\n            <h2 class=\"heading-title\">News II<\/h2><ol class=\"breadcrumb\"><li><a href=\"https:\/\/landingwp.links.com.ec\/en\">Home<\/a> <\/li> <li class=\"active\">Page<\/li><\/ol>          <\/div>  \r\n        <\/div>   \r\n      <\/div>  \r\n   <\/div>\r\n<\/div>      \r\n\r\n<\/div>\t\t<\/div>\n\t\t\t\t<\/div>\n\t\t\t\t\t<\/div>\n\t\t<\/div>\n\t\t\t\t\t\t\t<\/div>\n\t\t<\/section>\n\t\t\t\t<section class=\"elementor-section elementor-top-section elementor-element elementor-element-26d009d7 elementor-section-boxed elementor-section-height-default elementor-section-height-default\" data-id=\"26d009d7\" data-element_type=\"section\">\n\t\t\t\t\t\t<div class=\"elementor-container elementor-column-gap-default\">\n\t\t\t\t\t<div class=\"elementor-column elementor-col-100 elementor-top-column elementor-element elementor-element-2a3a0f88\" data-id=\"2a3a0f88\" data-element_type=\"column\">\n\t\t\t<div class=\"elementor-widget-wrap elementor-element-populated\">\n\t\t\t\t\t\t\t\t<div class=\"elementor-element elementor-element-158a6e68 elementor-widget elementor-widget-gva-posts\" data-id=\"158a6e68\" data-element_type=\"widget\" data-widget_type=\"gva-posts.default\">\n\t\t\t\t<div class=\"elementor-widget-container\">\n\t\t\t<div class=\"gva-element-gva-posts gva-element\">  \r\n  <div class=\"gva-posts-grid clearfix gva-posts\">\r\n\t\t<div class=\"gva-content-items\"> \r\n\t\t  <div class=\"lg-block-grid-3 md-block-grid-3 sm-block-grid-2 xs-block-grid-2 xx-block-grid-1\">\r\n\t\t\t <div class=\"item-columns\">\r\n<article id=\"post-4156\" class=\"post post-style-2 post-4156 type-post status-publish format-standard has-post-thumbnail hentry category-start-up\">\r\n   <div class=\"post-thumbnail\" style=\"background-image:url('https:\/\/landingwp.links.com.ec\/wp-content\/uploads\/2022\/08\/Portada-Melissa-Ramirez-560x420.jpg');\"><\/div>   \r\n   <div class=\"entry-content\">\r\n      <div class=\"content-inner\">\r\n         <div class=\"entry-meta\">\r\n            <div class=\"left\"><img alt='' src='https:\/\/secure.gravatar.com\/avatar\/bb3c89907a0d6ee24977419c24f32bd85d564916acf566c456fb29334a888b1f?s=160&#038;d=mm&#038;r=g' srcset='https:\/\/secure.gravatar.com\/avatar\/bb3c89907a0d6ee24977419c24f32bd85d564916acf566c456fb29334a888b1f?s=320&#038;d=mm&#038;r=g 2x' class='avatar avatar-160 photo' height='160' width='160' \/><\/div><div class=\"right\"><span class=\"author vcard\"><i class=\"far fa-user-circle\"><\/i>by&nbsp;admin<\/span><span class=\"post-comment\"><i class=\"far fa-comments\"><\/i>0 comments<\/span><\/div>         <\/div> \r\n         <h2 class=\"entry-title\">\r\n            <a href=\"https:\/\/landingwp.links.com.ec\/en\/pautas-legales-que-debes-seguir-antes-de-emprender-tu-negocio\/\">Pautas legales que debes seguir antes de emprender tu negocio<\/a>\r\n         <\/h2>\r\n      <\/div>\r\n      <div class=\"read-more\">\r\n         <a href=\"https:\/\/landingwp.links.com.ec\/en\/pautas-legales-que-debes-seguir-antes-de-emprender-tu-negocio\/\">\r\n            <i class=\"icon las la-arrow-right\"><\/i>\r\n         <\/a>\r\n      <\/div>\r\n   <\/div>\r\n   <a href=\"https:\/\/landingwp.links.com.ec\/en\/pautas-legales-que-debes-seguir-antes-de-emprender-tu-negocio\/\" class=\"link-overlay\"><\/a>\r\n<\/article>   \r\n\r\n  <\/div><div class=\"item-columns\">\r\n<article id=\"post-4150\" class=\"post post-style-2 post-4150 type-post status-publish format-standard has-post-thumbnail hentry category-start-up\">\r\n   <div class=\"post-thumbnail\" style=\"background-image:url('https:\/\/landingwp.links.com.ec\/wp-content\/uploads\/2022\/08\/alejandra-560x420.jpg');\"><\/div>   \r\n   <div class=\"entry-content\">\r\n      <div class=\"content-inner\">\r\n         <div class=\"entry-meta\">\r\n            <div class=\"left\"><img alt='' src='https:\/\/secure.gravatar.com\/avatar\/bb3c89907a0d6ee24977419c24f32bd85d564916acf566c456fb29334a888b1f?s=160&#038;d=mm&#038;r=g' srcset='https:\/\/secure.gravatar.com\/avatar\/bb3c89907a0d6ee24977419c24f32bd85d564916acf566c456fb29334a888b1f?s=320&#038;d=mm&#038;r=g 2x' class='avatar avatar-160 photo' height='160' width='160' \/><\/div><div class=\"right\"><span class=\"author vcard\"><i class=\"far fa-user-circle\"><\/i>by&nbsp;admin<\/span><span class=\"post-comment\"><i class=\"far fa-comments\"><\/i>0 comments<\/span><\/div>         <\/div> \r\n         <h2 class=\"entry-title\">\r\n            <a href=\"https:\/\/landingwp.links.com.ec\/en\/como-saber-cuando-empezar-tu-propio-emprendimiento-empresarial\/\">\u00bfC\u00f3mo saber cuando empezar tu propio emprendimiento empresarial?<\/a>\r\n         <\/h2>\r\n      <\/div>\r\n      <div class=\"read-more\">\r\n         <a href=\"https:\/\/landingwp.links.com.ec\/en\/como-saber-cuando-empezar-tu-propio-emprendimiento-empresarial\/\">\r\n            <i class=\"icon las la-arrow-right\"><\/i>\r\n         <\/a>\r\n      <\/div>\r\n   <\/div>\r\n   <a href=\"https:\/\/landingwp.links.com.ec\/en\/como-saber-cuando-empezar-tu-propio-emprendimiento-empresarial\/\" class=\"link-overlay\"><\/a>\r\n<\/article>   \r\n\r\n  <\/div><div class=\"item-columns\">\r\n<article id=\"post-4142\" class=\"post post-style-2 post-4142 type-post status-publish format-standard has-post-thumbnail hentry category-start-up\">\r\n   <div class=\"post-thumbnail\" style=\"background-image:url('https:\/\/landingwp.links.com.ec\/wp-content\/uploads\/2022\/08\/portada-1-560x420.jpg');\"><\/div>   \r\n   <div class=\"entry-content\">\r\n      <div class=\"content-inner\">\r\n         <div class=\"entry-meta\">\r\n            <div class=\"left\"><img alt='' src='https:\/\/secure.gravatar.com\/avatar\/bb3c89907a0d6ee24977419c24f32bd85d564916acf566c456fb29334a888b1f?s=160&#038;d=mm&#038;r=g' srcset='https:\/\/secure.gravatar.com\/avatar\/bb3c89907a0d6ee24977419c24f32bd85d564916acf566c456fb29334a888b1f?s=320&#038;d=mm&#038;r=g 2x' class='avatar avatar-160 photo' height='160' width='160' \/><\/div><div class=\"right\"><span class=\"author vcard\"><i class=\"far fa-user-circle\"><\/i>by&nbsp;admin<\/span><span class=\"post-comment\"><i class=\"far fa-comments\"><\/i>0 comments<\/span><\/div>         <\/div> \r\n         <h2 class=\"entry-title\">\r\n            <a href=\"https:\/\/landingwp.links.com.ec\/en\/la-fuerza-de-creer-en-ti\/\">La fuerza de creer en t\u00ed<\/a>\r\n         <\/h2>\r\n      <\/div>\r\n      <div class=\"read-more\">\r\n         <a href=\"https:\/\/landingwp.links.com.ec\/en\/la-fuerza-de-creer-en-ti\/\">\r\n            <i class=\"icon las la-arrow-right\"><\/i>\r\n         <\/a>\r\n      <\/div>\r\n   <\/div>\r\n   <a href=\"https:\/\/landingwp.links.com.ec\/en\/la-fuerza-de-creer-en-ti\/\" class=\"link-overlay\"><\/a>\r\n<\/article>   \r\n\r\n  <\/div><div class=\"item-columns\">\r\n<article id=\"post-4135\" class=\"post post-style-2 post-4135 type-post status-publish format-standard has-post-thumbnail hentry category-start-up\">\r\n   <div class=\"post-thumbnail\" style=\"background-image:url('https:\/\/landingwp.links.com.ec\/wp-content\/uploads\/2022\/08\/Portada-milena-polit-1-560x420.jpg');\"><\/div>   \r\n   <div class=\"entry-content\">\r\n      <div class=\"content-inner\">\r\n         <div class=\"entry-meta\">\r\n            <div class=\"left\"><img alt='' src='https:\/\/secure.gravatar.com\/avatar\/bb3c89907a0d6ee24977419c24f32bd85d564916acf566c456fb29334a888b1f?s=160&#038;d=mm&#038;r=g' srcset='https:\/\/secure.gravatar.com\/avatar\/bb3c89907a0d6ee24977419c24f32bd85d564916acf566c456fb29334a888b1f?s=320&#038;d=mm&#038;r=g 2x' class='avatar avatar-160 photo' height='160' width='160' \/><\/div><div class=\"right\"><span class=\"author vcard\"><i class=\"far fa-user-circle\"><\/i>by&nbsp;admin<\/span><span class=\"post-comment\"><i class=\"far fa-comments\"><\/i>0 comments<\/span><\/div>         <\/div> \r\n         <h2 class=\"entry-title\">\r\n            <a href=\"https:\/\/landingwp.links.com.ec\/en\/la-perseverancia-es-la-clave-del-exito\/\">La perseverancia es la clave del \u00e9xito<\/a>\r\n         <\/h2>\r\n      <\/div>\r\n      <div class=\"read-more\">\r\n         <a href=\"https:\/\/landingwp.links.com.ec\/en\/la-perseverancia-es-la-clave-del-exito\/\">\r\n            <i class=\"icon las la-arrow-right\"><\/i>\r\n         <\/a>\r\n      <\/div>\r\n   <\/div>\r\n   <a href=\"https:\/\/landingwp.links.com.ec\/en\/la-perseverancia-es-la-clave-del-exito\/\" class=\"link-overlay\"><\/a>\r\n<\/article>   \r\n\r\n  <\/div><div class=\"item-columns\">\r\n<article id=\"post-4062\" class=\"post post-style-2 post-4062 type-post status-publish format-standard has-post-thumbnail hentry category-ingenio\">\r\n   <div class=\"post-thumbnail\" style=\"background-image:url('https:\/\/landingwp.links.com.ec\/wp-content\/uploads\/2022\/08\/portada-Zoila-Mondejar-560x420.jpg');\"><\/div>   \r\n   <div class=\"entry-content\">\r\n      <div class=\"content-inner\">\r\n         <div class=\"entry-meta\">\r\n            <div class=\"left\"><img alt='' src='https:\/\/secure.gravatar.com\/avatar\/bb3c89907a0d6ee24977419c24f32bd85d564916acf566c456fb29334a888b1f?s=160&#038;d=mm&#038;r=g' srcset='https:\/\/secure.gravatar.com\/avatar\/bb3c89907a0d6ee24977419c24f32bd85d564916acf566c456fb29334a888b1f?s=320&#038;d=mm&#038;r=g 2x' class='avatar avatar-160 photo' height='160' width='160' \/><\/div><div class=\"right\"><span class=\"author vcard\"><i class=\"far fa-user-circle\"><\/i>by&nbsp;admin<\/span><span class=\"post-comment\"><i class=\"far fa-comments\"><\/i>0 comments<\/span><\/div>         <\/div> \r\n         <h2 class=\"entry-title\">\r\n            <a href=\"https:\/\/landingwp.links.com.ec\/en\/como-detectar-el-autismo-en-ninas-y-ninos\/\">\u00bfC\u00f3mo detectar el autismo a temprana edad?<\/a>\r\n         <\/h2>\r\n      <\/div>\r\n      <div class=\"read-more\">\r\n         <a href=\"https:\/\/landingwp.links.com.ec\/en\/como-detectar-el-autismo-en-ninas-y-ninos\/\">\r\n            <i class=\"icon las la-arrow-right\"><\/i>\r\n         <\/a>\r\n      <\/div>\r\n   <\/div>\r\n   <a href=\"https:\/\/landingwp.links.com.ec\/en\/como-detectar-el-autismo-en-ninas-y-ninos\/\" class=\"link-overlay\"><\/a>\r\n<\/article>   \r\n\r\n  <\/div><div class=\"item-columns\">\r\n<article id=\"post-4067\" class=\"post post-style-2 post-4067 type-post status-publish format-standard has-post-thumbnail hentry category-ingenio\">\r\n   <div class=\"post-thumbnail\" style=\"background-image:url('https:\/\/landingwp.links.com.ec\/wp-content\/uploads\/2022\/08\/portada-Jazmin--560x420.jpg');\"><\/div>   \r\n   <div class=\"entry-content\">\r\n      <div class=\"content-inner\">\r\n         <div class=\"entry-meta\">\r\n            <div class=\"left\"><img alt='' src='https:\/\/secure.gravatar.com\/avatar\/bb3c89907a0d6ee24977419c24f32bd85d564916acf566c456fb29334a888b1f?s=160&#038;d=mm&#038;r=g' srcset='https:\/\/secure.gravatar.com\/avatar\/bb3c89907a0d6ee24977419c24f32bd85d564916acf566c456fb29334a888b1f?s=320&#038;d=mm&#038;r=g 2x' class='avatar avatar-160 photo' height='160' width='160' \/><\/div><div class=\"right\"><span class=\"author vcard\"><i class=\"far fa-user-circle\"><\/i>by&nbsp;admin<\/span><span class=\"post-comment\"><i class=\"far fa-comments\"><\/i>0 comments<\/span><\/div>         <\/div> \r\n         <h2 class=\"entry-title\">\r\n            <a href=\"https:\/\/landingwp.links.com.ec\/en\/como-detectar-el-autismo-en-ninas-y-ninos-2\/\">\u00bfC\u00f3mo detectar el autismo en ni\u00f1as y ni\u00f1os?<\/a>\r\n         <\/h2>\r\n      <\/div>\r\n      <div class=\"read-more\">\r\n         <a href=\"https:\/\/landingwp.links.com.ec\/en\/como-detectar-el-autismo-en-ninas-y-ninos-2\/\">\r\n            <i class=\"icon las la-arrow-right\"><\/i>\r\n         <\/a>\r\n      <\/div>\r\n   <\/div>\r\n   <a href=\"https:\/\/landingwp.links.com.ec\/en\/como-detectar-el-autismo-en-ninas-y-ninos-2\/\" class=\"link-overlay\"><\/a>\r\n<\/article>   \r\n\r\n  <\/div>\t\t  <\/div>\r\n\t\t<\/div>\r\n\t\t\t\t\t <div class=\"pagination\">\r\n\t\t\t\t  <div class=\"column one pager_wrapper\"><div class=\"pager\"><div class=\"paginations\"><a href=\"https:\/\/landingwp.links.com.ec\/en\/wp-json\/wp\/v2\/pages\/26\/\" class=\"page-item active\">1<\/a><a href=\"https:\/\/landingwp.links.com.ec\/en\/wp-json\/wp\/v2\/pages\/26\/page\/2\/\" class=\"page-item\">2<\/a><a href=\"https:\/\/landingwp.links.com.ec\/en\/wp-json\/wp\/v2\/pages\/26\/page\/3\/\" class=\"page-item\">3<\/a><a class=\"next_page\" href=\"https:\/\/landingwp.links.com.ec\/en\/wp-json\/wp\/v2\/pages\/26\/page\/2\/\"><i class=\"fas fa-chevron-right\"><\/i><\/a><\/div><\/div><\/div>\n\t\t\t <\/div>\r\n\t\t  <\/div>\r\n  <\/div>\t\t<\/div>\n\t\t\t\t<\/div>\n\t\t\t\t\t<\/div>\n\t\t<\/div>\n\t\t\t\t\t\t\t<\/div>\n\t\t<\/section>\n\t\t\t\t<section class=\"elementor-section elementor-top-section elementor-element elementor-element-bb88a14 elementor-section-boxed elementor-section-height-default elementor-section-height-default\" data-id=\"bb88a14\" data-element_type=\"section\" data-settings=\"{&quot;background_background&quot;:&quot;classic&quot;}\">\n\t\t\t\t\t\t<div class=\"elementor-container elementor-column-gap-default\">\n\t\t\t\t\t<div class=\"elementor-column elementor-col-50 elementor-top-column elementor-element elementor-element-1326678\" data-id=\"1326678\" data-element_type=\"column\">\n\t\t\t<div class=\"elementor-widget-wrap elementor-element-populated\">\n\t\t\t\t\t\t\t\t<div class=\"elementor-element elementor-element-728889b elementor-widget elementor-widget-gva-heading-block\" data-id=\"728889b\" data-element_type=\"widget\" data-widget_type=\"gva-heading-block.default\">\n\t\t\t\t<div class=\"elementor-widget-container\">\n\t\t\t<div class=\"gva-element-gva-heading-block gva-element\">   <div class=\"align-left style-1 widget gsc-heading box-align-left auto-responsive\">\r\n      <div class=\"content-inner\">\r\n         \r\n         \r\n         <div class=\"heading-line\"><span><\/span><span><\/span><\/div>\r\n                     <div class=\"sub-title\">\r\n               <span class=\"tagline\">25 Years Of Experience In Consulting<\/span> \r\n            <\/div>\r\n           \r\n         \r\n                     <h2 class=\"title\">\r\n               <span>Consulting Market Leader Expert<\/span>\r\n            <\/h2>\r\n                  \r\n         \r\n      <\/div>\r\n   <\/div>\r\n<\/div>\t\t<\/div>\n\t\t\t\t<\/div>\n\t\t\t\t\t<\/div>\n\t\t<\/div>\n\t\t\t\t<div class=\"elementor-column elementor-col-50 elementor-top-column elementor-element elementor-element-6749ca0\" data-id=\"6749ca0\" data-element_type=\"column\">\n\t\t\t<div class=\"elementor-widget-wrap elementor-element-populated\">\n\t\t\t\t\t\t\t\t<div class=\"elementor-element elementor-element-e0aaafe elementor-widget__width-auto elementor-widget elementor-widget-html\" data-id=\"e0aaafe\" data-element_type=\"widget\" data-widget_type=\"html.default\">\n\t\t\t\t<div class=\"elementor-widget-container\">\n\t\t\t<a class=\"btn-white\" href=\"https:\/\/gaviaspreview.com\/wp\/conult\/contact\/\">\n    Free Consultation\n<\/a>\t\t<\/div>\n\t\t\t\t<\/div>\n\t\t\t\t\t<\/div>\n\t\t<\/div>\n\t\t\t\t\t\t\t<\/div>\n\t\t<\/section>\n\t\t\t\t\t\t\t<\/div>\n\t\t","protected":false},"excerpt":{"rendered":"<p>Live Stream From Awwwards Showcasing Trends Home by&nbsp;admin3 comments A day in the life of entrepreneur &#038; ceo by&nbsp;admin0 comments Future where technology creates good jobs by&nbsp;admin0 comments What you [&hellip;]<\/p>\n","protected":false},"author":1,"featured_media":0,"parent":0,"menu_order":0,"comment_status":"closed","ping_status":"closed","template":"","meta":{"footnotes":""},"class_list":["post-26","page","type-page","status-publish","hentry"],"yoast_head":"<!-- This site is optimized with the Yoast SEO plugin v19.5.1 - https:\/\/yoast.com\/wordpress\/plugins\/seo\/ -->\n<title>News II - Links S.A<\/title>\n<meta name=\"robots\" content=\"index, follow, max-snippet:-1, max-image-preview:large, max-video-preview:-1\" \/>\n<link rel=\"canonical\" href=\"https:\/\/landingwp.links.com.ec\/en\/news-2\/\" \/>\n<meta property=\"og:locale\" content=\"en_US\" \/>\n<meta property=\"og:type\" content=\"article\" \/>\n<meta property=\"og:title\" content=\"News II - Links S.A\" \/>\n<meta property=\"og:description\" content=\"Live Stream From Awwwards Showcasing Trends Home by&nbsp;admin3 comments A day in the life of entrepreneur &amp; ceo by&nbsp;admin0 comments Future where technology creates good jobs by&nbsp;admin0 comments What you [&hellip;]\" \/>\n<meta property=\"og:url\" content=\"https:\/\/landingwp.links.com.ec\/en\/news-2\/\" \/>\n<meta property=\"og:site_name\" content=\"Links S.A\" \/>\n<meta property=\"og:image\" content=\"http:\/\/0.gravatar.com\/avatar\/ff85f759d0074f76f01e041beb96c350?s=160&#038;d=mm&#038;r=g\" \/>\n<meta name=\"twitter:card\" content=\"summary_large_image\" \/>\n<script type=\"application\/ld+json\" class=\"yoast-schema-graph\">{\"@context\":\"https:\/\/schema.org\",\"@graph\":[{\"@type\":\"WebPage\",\"@id\":\"https:\/\/landingwp.links.com.ec\/en\/news-2\/\",\"url\":\"https:\/\/landingwp.links.com.ec\/en\/news-2\/\",\"name\":\"News II - Links S.A\",\"isPartOf\":{\"@id\":\"https:\/\/landingwp.links.com.ec\/#website\"},\"datePublished\":\"2020-12-08T03:54:16+00:00\",\"dateModified\":\"2020-12-08T03:54:16+00:00\",\"breadcrumb\":{\"@id\":\"https:\/\/landingwp.links.com.ec\/en\/news-2\/#breadcrumb\"},\"inLanguage\":\"en-US\",\"potentialAction\":[{\"@type\":\"ReadAction\",\"target\":[\"https:\/\/landingwp.links.com.ec\/en\/news-2\/\"]}]},{\"@type\":\"BreadcrumbList\",\"@id\":\"https:\/\/landingwp.links.com.ec\/en\/news-2\/#breadcrumb\",\"itemListElement\":[{\"@type\":\"ListItem\",\"position\":1,\"name\":\"Portada\",\"item\":\"https:\/\/landingwp.links.com.ec\/\"},{\"@type\":\"ListItem\",\"position\":2,\"name\":\"News II\"}]},{\"@type\":\"WebSite\",\"@id\":\"https:\/\/landingwp.links.com.ec\/#website\",\"url\":\"https:\/\/landingwp.links.com.ec\/\",\"name\":\"Links S.A\",\"description\":\"Just another WordPress site\",\"potentialAction\":[{\"@type\":\"SearchAction\",\"target\":{\"@type\":\"EntryPoint\",\"urlTemplate\":\"https:\/\/landingwp.links.com.ec\/?s={search_term_string}\"},\"query-input\":\"required name=search_term_string\"}],\"inLanguage\":\"en-US\"}]}<\/script>\n<!-- \/ Yoast SEO plugin. -->","yoast_head_json":{"title":"News II - Links S.A","robots":{"index":"index","follow":"follow","max-snippet":"max-snippet:-1","max-image-preview":"max-image-preview:large","max-video-preview":"max-video-preview:-1"},"canonical":"https:\/\/landingwp.links.com.ec\/en\/news-2\/","og_locale":"en_US","og_type":"article","og_title":"News II - Links S.A","og_description":"Live Stream From Awwwards Showcasing Trends Home by&nbsp;admin3 comments A day in the life of entrepreneur &#038; ceo by&nbsp;admin0 comments Future where technology creates good jobs by&nbsp;admin0 comments What you [&hellip;]","og_url":"https:\/\/landingwp.links.com.ec\/en\/news-2\/","og_site_name":"Links S.A","og_image":[{"url":"http:\/\/0.gravatar.com\/avatar\/ff85f759d0074f76f01e041beb96c350?s=160&#038;d=mm&#038;r=g"}],"twitter_card":"summary_large_image","schema":{"@context":"https:\/\/schema.org","@graph":[{"@type":"WebPage","@id":"https:\/\/landingwp.links.com.ec\/en\/news-2\/","url":"https:\/\/landingwp.links.com.ec\/en\/news-2\/","name":"News II - Links S.A","isPartOf":{"@id":"https:\/\/landingwp.links.com.ec\/#website"},"datePublished":"2020-12-08T03:54:16+00:00","dateModified":"2020-12-08T03:54:16+00:00","breadcrumb":{"@id":"https:\/\/landingwp.links.com.ec\/en\/news-2\/#breadcrumb"},"inLanguage":"en-US","potentialAction":[{"@type":"ReadAction","target":["https:\/\/landingwp.links.com.ec\/en\/news-2\/"]}]},{"@type":"BreadcrumbList","@id":"https:\/\/landingwp.links.com.ec\/en\/news-2\/#breadcrumb","itemListElement":[{"@type":"ListItem","position":1,"name":"Portada","item":"https:\/\/landingwp.links.com.ec\/"},{"@type":"ListItem","position":2,"name":"News II"}]},{"@type":"WebSite","@id":"https:\/\/landingwp.links.com.ec\/#website","url":"https:\/\/landingwp.links.com.ec\/","name":"Links S.A","description":"Just another WordPress site","potentialAction":[{"@type":"SearchAction","target":{"@type":"EntryPoint","urlTemplate":"https:\/\/landingwp.links.com.ec\/?s={search_term_string}"},"query-input":"required name=search_term_string"}],"inLanguage":"en-US"}]}},"_links":{"self":[{"href":"https:\/\/landingwp.links.com.ec\/en\/wp-json\/wp\/v2\/pages\/26","targetHints":{"allow":["GET"]}}],"collection":[{"href":"https:\/\/landingwp.links.com.ec\/en\/wp-json\/wp\/v2\/pages"}],"about":[{"href":"https:\/\/landingwp.links.com.ec\/en\/wp-json\/wp\/v2\/types\/page"}],"author":[{"embeddable":true,"href":"https:\/\/landingwp.links.com.ec\/en\/wp-json\/wp\/v2\/users\/1"}],"replies":[{"embeddable":true,"href":"https:\/\/landingwp.links.com.ec\/en\/wp-json\/wp\/v2\/comments?post=26"}],"version-history":[{"count":0,"href":"https:\/\/landingwp.links.com.ec\/en\/wp-json\/wp\/v2\/pages\/26\/revisions"}],"wp:attachment":[{"href":"https:\/\/landingwp.links.com.ec\/en\/wp-json\/wp\/v2\/media?parent=26"}],"curies":[{"name":"wp","href":"https:\/\/api.w.org\/{rel}","templated":true}]}}