{"id":25,"date":"2020-12-08T03:54:06","date_gmt":"2020-12-08T03:54:06","guid":{"rendered":"https:\/\/gaviaspreview.com\/wp\/conult\/?page_id=25"},"modified":"2020-12-08T03:54:06","modified_gmt":"2020-12-08T03:54:06","slug":"news","status":"publish","type":"page","link":"https:\/\/landingwp.links.com.ec\/en\/news\/","title":{"rendered":"News"},"content":{"rendered":"\t\t<div data-elementor-type=\"wp-page\" data-elementor-id=\"25\" class=\"elementor elementor-25\">\n\t\t\t\t\t\t\t\t\t<section class=\"elementor-section elementor-top-section elementor-element elementor-element-59f29e4 elementor-section-full_width elementor-section-height-default elementor-section-height-default\" data-id=\"59f29e4\" data-element_type=\"section\">\n\t\t\t\t\t\t<div class=\"elementor-container elementor-column-gap-default\">\n\t\t\t\t\t<div class=\"elementor-column elementor-col-100 elementor-top-column elementor-element elementor-element-6754167\" data-id=\"6754167\" data-element_type=\"column\">\n\t\t\t<div class=\"elementor-widget-wrap elementor-element-populated\">\n\t\t\t\t\t\t\t\t<div class=\"elementor-element elementor-element-458306b elementor-widget elementor-widget-gva_post_breadcrumb\" data-id=\"458306b\" data-element_type=\"widget\" data-widget_type=\"gva_post_breadcrumb.default\">\n\t\t\t\t<div class=\"elementor-widget-container\">\n\t\t\t<div class=\"gva-element-gva_post_breadcrumb gva-element\">   \r\n<div class=\"post-breadcrumb\">\r\n   <div class=\"custom-breadcrumb \" >\r\n            <div class=\"breadcrumb-main\">\r\n        <div class=\"container\">\r\n          <div class=\"breadcrumb-container-inner\">\r\n            <h2 class=\"heading-title\">News<\/h2><ol class=\"breadcrumb\"><li><a href=\"https:\/\/landingwp.links.com.ec\/en\">Home<\/a> <\/li> <li class=\"active\">Page<\/li><\/ol>          <\/div>  \r\n        <\/div>   \r\n      <\/div>  \r\n   <\/div>\r\n<\/div>      \r\n\r\n<\/div>\t\t<\/div>\n\t\t\t\t<\/div>\n\t\t\t\t\t<\/div>\n\t\t<\/div>\n\t\t\t\t\t\t\t<\/div>\n\t\t<\/section>\n\t\t\t\t<section class=\"elementor-section elementor-top-section elementor-element elementor-element-1fbe8dbc elementor-section-boxed elementor-section-height-default elementor-section-height-default\" data-id=\"1fbe8dbc\" data-element_type=\"section\">\n\t\t\t\t\t\t<div class=\"elementor-container elementor-column-gap-default\">\n\t\t\t\t\t<div class=\"elementor-column elementor-col-100 elementor-top-column elementor-element elementor-element-505d4390\" data-id=\"505d4390\" data-element_type=\"column\">\n\t\t\t<div class=\"elementor-widget-wrap elementor-element-populated\">\n\t\t\t\t\t\t\t\t<div class=\"elementor-element elementor-element-962a554 elementor-widget elementor-widget-gva-posts\" data-id=\"962a554\" data-element_type=\"widget\" data-widget_type=\"gva-posts.default\">\n\t\t\t\t<div class=\"elementor-widget-container\">\n\t\t\t<div class=\"gva-element-gva-posts gva-element\">  \r\n  <div class=\"gva-posts-grid clearfix gva-posts\">\r\n\t\t<div class=\"gva-content-items\"> \r\n\t\t  <div class=\"lg-block-grid-3 md-block-grid-3 sm-block-grid-2 xs-block-grid-2 xx-block-grid-1\">\r\n\t\t\t <div class=\"item-columns\">\r\n   <article id=\"post-4156\" class=\"post post-style-1 post-4156 type-post status-publish format-standard has-post-thumbnail hentry category-start-up\">\r\n      \r\n               <div class=\"post-thumbnail\">\r\n            <a href=\"https:\/\/landingwp.links.com.ec\/en\/pautas-legales-que-debes-seguir-antes-de-emprender-tu-negocio\/\">\r\n               <img decoding=\"async\" width=\"560\" height=\"420\" src=\"https:\/\/landingwp.links.com.ec\/wp-content\/uploads\/2022\/08\/Portada-Melissa-Ramirez-560x420.jpg\" class=\"attachment-post-thumbnail size-post-thumbnail wp-post-image\" alt=\"Pautas legales que debes seguir antes de emprender tu negocio\" \/>            <\/a>\r\n                           <div class=\"entry-date\">\r\n                  <span class=\"date\">29<\/span>\r\n                  <span class=\"month\">Aug<\/span>\r\n               <\/div>\r\n                     <\/div>   \r\n         \r\n\r\n      <div class=\"entry-content has-thumbnail\">\r\n         <div class=\"content-inner\">\r\n            <div class=\"entry-meta\">\r\n               <div class=\"clearfix meta-inline post-meta-1\"><span class=\"author vcard\"><i class=\"far fa-user-circle\"><\/i>admin<\/span><span class=\"post-comment\"><i class=\"far fa-comments\"><\/i>0 Comments<\/span><\/div>            <\/div> \r\n            <h3 class=\"entry-title\"><a href=\"https:\/\/landingwp.links.com.ec\/en\/pautas-legales-que-debes-seguir-antes-de-emprender-tu-negocio\/\" rel=\"bookmark\">Pautas legales que debes seguir antes de emprender tu negocio<\/a><\/h3>\r\n                           <div class=\"entry-desc\">\r\n                  En la entrevista de hoy conversamos con el Director @epicogye Ing. David Ponce @davidp11aguilar               <\/div>   \r\n                        <div class=\"read-more\">\r\n               <a class=\"btn-inline btn-read-more\" href=\"https:\/\/landingwp.links.com.ec\/en\/pautas-legales-que-debes-seguir-antes-de-emprender-tu-negocio\/\">Read more<i class=\"las la-arrow-right\"><\/i><\/a>\r\n            <\/div>\r\n         <\/div>\r\n\r\n      <\/div>\r\n   <\/article>   \r\n\r\n  <\/div><div class=\"item-columns\">\r\n   <article id=\"post-4150\" class=\"post post-style-1 post-4150 type-post status-publish format-standard has-post-thumbnail hentry category-start-up\">\r\n      \r\n               <div class=\"post-thumbnail\">\r\n            <a href=\"https:\/\/landingwp.links.com.ec\/en\/como-saber-cuando-empezar-tu-propio-emprendimiento-empresarial\/\">\r\n               <img decoding=\"async\" width=\"560\" height=\"420\" src=\"https:\/\/landingwp.links.com.ec\/wp-content\/uploads\/2022\/08\/alejandra-560x420.jpg\" class=\"attachment-post-thumbnail size-post-thumbnail wp-post-image\" alt=\"\u00bfC\u00f3mo saber cuando empezar tu propio emprendimiento empresarial?\" \/>            <\/a>\r\n                           <div class=\"entry-date\">\r\n                  <span class=\"date\">28<\/span>\r\n                  <span class=\"month\">Aug<\/span>\r\n               <\/div>\r\n                     <\/div>   \r\n         \r\n\r\n      <div class=\"entry-content has-thumbnail\">\r\n         <div class=\"content-inner\">\r\n            <div class=\"entry-meta\">\r\n               <div class=\"clearfix meta-inline post-meta-1\"><span class=\"author vcard\"><i class=\"far fa-user-circle\"><\/i>admin<\/span><span class=\"post-comment\"><i class=\"far fa-comments\"><\/i>0 Comments<\/span><\/div>            <\/div> \r\n            <h3 class=\"entry-title\"><a href=\"https:\/\/landingwp.links.com.ec\/en\/como-saber-cuando-empezar-tu-propio-emprendimiento-empresarial\/\" rel=\"bookmark\">\u00bfC\u00f3mo saber cuando empezar tu propio emprendimiento empresarial?<\/a><\/h3>\r\n                           <div class=\"entry-desc\">\r\n                  En la entrevista de hoy conversamos con el Director @epicogye Ing. David Ponce @davidp11aguilar               <\/div>   \r\n                        <div class=\"read-more\">\r\n               <a class=\"btn-inline btn-read-more\" href=\"https:\/\/landingwp.links.com.ec\/en\/como-saber-cuando-empezar-tu-propio-emprendimiento-empresarial\/\">Read more<i class=\"las la-arrow-right\"><\/i><\/a>\r\n            <\/div>\r\n         <\/div>\r\n\r\n      <\/div>\r\n   <\/article>   \r\n\r\n  <\/div><div class=\"item-columns\">\r\n   <article id=\"post-4142\" class=\"post post-style-1 post-4142 type-post status-publish format-standard has-post-thumbnail hentry category-start-up\">\r\n      \r\n               <div class=\"post-thumbnail\">\r\n            <a href=\"https:\/\/landingwp.links.com.ec\/en\/la-fuerza-de-creer-en-ti\/\">\r\n               <img decoding=\"async\" width=\"560\" height=\"420\" src=\"https:\/\/landingwp.links.com.ec\/wp-content\/uploads\/2022\/08\/portada-1-560x420.jpg\" class=\"attachment-post-thumbnail size-post-thumbnail wp-post-image\" alt=\"La fuerza de creer en t\u00ed\" \/>            <\/a>\r\n                           <div class=\"entry-date\">\r\n                  <span class=\"date\">27<\/span>\r\n                  <span class=\"month\">Aug<\/span>\r\n               <\/div>\r\n                     <\/div>   \r\n         \r\n\r\n      <div class=\"entry-content has-thumbnail\">\r\n         <div class=\"content-inner\">\r\n            <div class=\"entry-meta\">\r\n               <div class=\"clearfix meta-inline post-meta-1\"><span class=\"author vcard\"><i class=\"far fa-user-circle\"><\/i>admin<\/span><span class=\"post-comment\"><i class=\"far fa-comments\"><\/i>0 Comments<\/span><\/div>            <\/div> \r\n            <h3 class=\"entry-title\"><a href=\"https:\/\/landingwp.links.com.ec\/en\/la-fuerza-de-creer-en-ti\/\" rel=\"bookmark\">La fuerza de creer en t\u00ed<\/a><\/h3>\r\n                           <div class=\"entry-desc\">\r\n                  En la entrevista de hoy conversamos con el Director @epicogye Ing. David Ponce @davidp11aguilar               <\/div>   \r\n                        <div class=\"read-more\">\r\n               <a class=\"btn-inline btn-read-more\" href=\"https:\/\/landingwp.links.com.ec\/en\/la-fuerza-de-creer-en-ti\/\">Read more<i class=\"las la-arrow-right\"><\/i><\/a>\r\n            <\/div>\r\n         <\/div>\r\n\r\n      <\/div>\r\n   <\/article>   \r\n\r\n  <\/div><div class=\"item-columns\">\r\n   <article id=\"post-4135\" class=\"post post-style-1 post-4135 type-post status-publish format-standard has-post-thumbnail hentry category-start-up\">\r\n      \r\n               <div class=\"post-thumbnail\">\r\n            <a href=\"https:\/\/landingwp.links.com.ec\/en\/la-perseverancia-es-la-clave-del-exito\/\">\r\n               <img decoding=\"async\" width=\"560\" height=\"420\" src=\"https:\/\/landingwp.links.com.ec\/wp-content\/uploads\/2022\/08\/Portada-milena-polit-1-560x420.jpg\" class=\"attachment-post-thumbnail size-post-thumbnail wp-post-image\" alt=\"La perseverancia es la clave del \u00e9xito\" \/>            <\/a>\r\n                           <div class=\"entry-date\">\r\n                  <span class=\"date\">26<\/span>\r\n                  <span class=\"month\">Aug<\/span>\r\n               <\/div>\r\n                     <\/div>   \r\n         \r\n\r\n      <div class=\"entry-content has-thumbnail\">\r\n         <div class=\"content-inner\">\r\n            <div class=\"entry-meta\">\r\n               <div class=\"clearfix meta-inline post-meta-1\"><span class=\"author vcard\"><i class=\"far fa-user-circle\"><\/i>admin<\/span><span class=\"post-comment\"><i class=\"far fa-comments\"><\/i>0 Comments<\/span><\/div>            <\/div> \r\n            <h3 class=\"entry-title\"><a href=\"https:\/\/landingwp.links.com.ec\/en\/la-perseverancia-es-la-clave-del-exito\/\" rel=\"bookmark\">La perseverancia es la clave del \u00e9xito<\/a><\/h3>\r\n                           <div class=\"entry-desc\">\r\n                  En la entrevista de hoy conversamos con el Director @epicogye Ing. David Ponce @davidp11aguilar               <\/div>   \r\n                        <div class=\"read-more\">\r\n               <a class=\"btn-inline btn-read-more\" href=\"https:\/\/landingwp.links.com.ec\/en\/la-perseverancia-es-la-clave-del-exito\/\">Read more<i class=\"las la-arrow-right\"><\/i><\/a>\r\n            <\/div>\r\n         <\/div>\r\n\r\n      <\/div>\r\n   <\/article>   \r\n\r\n  <\/div><div class=\"item-columns\">\r\n   <article id=\"post-4062\" class=\"post post-style-1 post-4062 type-post status-publish format-standard has-post-thumbnail hentry category-ingenio\">\r\n      \r\n               <div class=\"post-thumbnail\">\r\n            <a href=\"https:\/\/landingwp.links.com.ec\/en\/como-detectar-el-autismo-en-ninas-y-ninos\/\">\r\n               <img decoding=\"async\" width=\"560\" height=\"420\" src=\"https:\/\/landingwp.links.com.ec\/wp-content\/uploads\/2022\/08\/portada-Zoila-Mondejar-560x420.jpg\" class=\"attachment-post-thumbnail size-post-thumbnail wp-post-image\" alt=\"\u00bfC\u00f3mo detectar el autismo a temprana edad?\" \/>            <\/a>\r\n                           <div class=\"entry-date\">\r\n                  <span class=\"date\">26<\/span>\r\n                  <span class=\"month\">Aug<\/span>\r\n               <\/div>\r\n                     <\/div>   \r\n         \r\n\r\n      <div class=\"entry-content has-thumbnail\">\r\n         <div class=\"content-inner\">\r\n            <div class=\"entry-meta\">\r\n               <div class=\"clearfix meta-inline post-meta-1\"><span class=\"author vcard\"><i class=\"far fa-user-circle\"><\/i>admin<\/span><span class=\"post-comment\"><i class=\"far fa-comments\"><\/i>0 Comments<\/span><\/div>            <\/div> \r\n            <h3 class=\"entry-title\"><a href=\"https:\/\/landingwp.links.com.ec\/en\/como-detectar-el-autismo-en-ninas-y-ninos\/\" rel=\"bookmark\">\u00bfC\u00f3mo detectar el autismo a temprana edad?<\/a><\/h3>\r\n                           <div class=\"entry-desc\">\r\n                  En la entrevista de hoy conversamos con el Director @epicogye Ing. David Ponce @davidp11aguilar               <\/div>   \r\n                        <div class=\"read-more\">\r\n               <a class=\"btn-inline btn-read-more\" href=\"https:\/\/landingwp.links.com.ec\/en\/como-detectar-el-autismo-en-ninas-y-ninos\/\">Read more<i class=\"las la-arrow-right\"><\/i><\/a>\r\n            <\/div>\r\n         <\/div>\r\n\r\n      <\/div>\r\n   <\/article>   \r\n\r\n  <\/div><div class=\"item-columns\">\r\n   <article id=\"post-4067\" class=\"post post-style-1 post-4067 type-post status-publish format-standard has-post-thumbnail hentry category-ingenio\">\r\n      \r\n               <div class=\"post-thumbnail\">\r\n            <a href=\"https:\/\/landingwp.links.com.ec\/en\/como-detectar-el-autismo-en-ninas-y-ninos-2\/\">\r\n               <img decoding=\"async\" width=\"560\" height=\"420\" src=\"https:\/\/landingwp.links.com.ec\/wp-content\/uploads\/2022\/08\/portada-Jazmin--560x420.jpg\" class=\"attachment-post-thumbnail size-post-thumbnail wp-post-image\" alt=\"\u00bfC\u00f3mo detectar el autismo en ni\u00f1as y ni\u00f1os?\" \/>            <\/a>\r\n                           <div class=\"entry-date\">\r\n                  <span class=\"date\">25<\/span>\r\n                  <span class=\"month\">Aug<\/span>\r\n               <\/div>\r\n                     <\/div>   \r\n         \r\n\r\n      <div class=\"entry-content has-thumbnail\">\r\n         <div class=\"content-inner\">\r\n            <div class=\"entry-meta\">\r\n               <div class=\"clearfix meta-inline post-meta-1\"><span class=\"author vcard\"><i class=\"far fa-user-circle\"><\/i>admin<\/span><span class=\"post-comment\"><i class=\"far fa-comments\"><\/i>0 Comments<\/span><\/div>            <\/div> \r\n            <h3 class=\"entry-title\"><a href=\"https:\/\/landingwp.links.com.ec\/en\/como-detectar-el-autismo-en-ninas-y-ninos-2\/\" rel=\"bookmark\">\u00bfC\u00f3mo detectar el autismo en ni\u00f1as y ni\u00f1os?<\/a><\/h3>\r\n                           <div class=\"entry-desc\">\r\n                  En la entrevista de hoy conversamos con el Director @epicogye Ing. David Ponce @davidp11aguilar               <\/div>   \r\n                        <div class=\"read-more\">\r\n               <a class=\"btn-inline btn-read-more\" href=\"https:\/\/landingwp.links.com.ec\/en\/como-detectar-el-autismo-en-ninas-y-ninos-2\/\">Read more<i class=\"las la-arrow-right\"><\/i><\/a>\r\n            <\/div>\r\n         <\/div>\r\n\r\n      <\/div>\r\n   <\/article>   \r\n\r\n  <\/div>\t\t  <\/div>\r\n\t\t<\/div>\r\n\t\t\t\t\t <div class=\"pagination\">\r\n\t\t\t\t  <div class=\"column one pager_wrapper\"><div class=\"pager\"><div class=\"paginations\"><a href=\"https:\/\/landingwp.links.com.ec\/en\/wp-json\/wp\/v2\/pages\/25\/\" class=\"page-item active\">1<\/a><a href=\"https:\/\/landingwp.links.com.ec\/en\/wp-json\/wp\/v2\/pages\/25\/page\/2\/\" class=\"page-item\">2<\/a><a href=\"https:\/\/landingwp.links.com.ec\/en\/wp-json\/wp\/v2\/pages\/25\/page\/3\/\" class=\"page-item\">3<\/a><a class=\"next_page\" href=\"https:\/\/landingwp.links.com.ec\/en\/wp-json\/wp\/v2\/pages\/25\/page\/2\/\"><i class=\"fas fa-chevron-right\"><\/i><\/a><\/div><\/div><\/div>\n\t\t\t <\/div>\r\n\t\t  <\/div>\r\n  <\/div>\t\t<\/div>\n\t\t\t\t<\/div>\n\t\t\t\t\t<\/div>\n\t\t<\/div>\n\t\t\t\t\t\t\t<\/div>\n\t\t<\/section>\n\t\t\t\t<section class=\"elementor-section elementor-top-section elementor-element elementor-element-d47b474 elementor-section-boxed elementor-section-height-default elementor-section-height-default\" data-id=\"d47b474\" data-element_type=\"section\" data-settings=\"{&quot;background_background&quot;:&quot;classic&quot;}\">\n\t\t\t\t\t\t\t<div class=\"elementor-background-overlay\"><\/div>\n\t\t\t\t\t\t\t<div class=\"elementor-container elementor-column-gap-default\">\n\t\t\t\t\t<div class=\"elementor-column elementor-col-50 elementor-top-column elementor-element elementor-element-1fbd2eb\" data-id=\"1fbd2eb\" data-element_type=\"column\">\n\t\t\t<div class=\"elementor-widget-wrap elementor-element-populated\">\n\t\t\t\t\t\t\t\t<div class=\"elementor-element elementor-element-e32966c elementor-widget elementor-widget-gva-heading-block\" data-id=\"e32966c\" data-element_type=\"widget\" data-widget_type=\"gva-heading-block.default\">\n\t\t\t\t<div class=\"elementor-widget-container\">\n\t\t\t<div class=\"gva-element-gva-heading-block gva-element\">   <div class=\"align-left style-1 widget gsc-heading box-align-left auto-responsive\">\r\n      <div class=\"content-inner\">\r\n         \r\n         \r\n         \r\n           \r\n         \r\n                     <h2 class=\"title\">\r\n               <span>We\u2019re Delivering the Best\nConsulting & Finance Services<\/span>\r\n            <\/h2>\r\n                  \r\n         \r\n      <\/div>\r\n   <\/div>\r\n<\/div>\t\t<\/div>\n\t\t\t\t<\/div>\n\t\t\t\t\t<\/div>\n\t\t<\/div>\n\t\t\t\t<div class=\"elementor-column elementor-col-50 elementor-top-column elementor-element elementor-element-25adf6d\" data-id=\"25adf6d\" data-element_type=\"column\">\n\t\t\t<div class=\"elementor-widget-wrap elementor-element-populated\">\n\t\t\t\t\t\t\t\t<div class=\"elementor-element elementor-element-23b711c elementor-widget__width-auto elementor-widget elementor-widget-html\" data-id=\"23b711c\" data-element_type=\"widget\" data-widget_type=\"html.default\">\n\t\t\t\t<div class=\"elementor-widget-container\">\n\t\t\t<a class=\"btn-white\" href=\"https:\/\/gaviaspreview.com\/wp\/conult\/contact\/\">\n    Free Consultation\n<\/a>\t\t<\/div>\n\t\t\t\t<\/div>\n\t\t\t\t\t<\/div>\n\t\t<\/div>\n\t\t\t\t\t\t\t<\/div>\n\t\t<\/section>\n\t\t\t\t\t\t\t<\/div>\n\t\t","protected":false},"excerpt":{"rendered":"<p>Live Stream From Awwwards Showcasing Trends Home 08 Dec admin3 Comments A day in the life of entrepreneur &#038; ceo There are many variations of but the majority have simply [&hellip;]<\/p>\n","protected":false},"author":1,"featured_media":0,"parent":0,"menu_order":0,"comment_status":"closed","ping_status":"closed","template":"","meta":{"footnotes":""},"class_list":["post-25","page","type-page","status-publish","hentry"],"yoast_head":"<!-- This site is optimized with the Yoast SEO plugin v19.5.1 - https:\/\/yoast.com\/wordpress\/plugins\/seo\/ -->\n<title>News - Links S.A<\/title>\n<meta name=\"robots\" content=\"index, follow, max-snippet:-1, max-image-preview:large, max-video-preview:-1\" \/>\n<link rel=\"canonical\" href=\"https:\/\/landingwp.links.com.ec\/en\/news\/\" \/>\n<meta property=\"og:locale\" content=\"en_US\" \/>\n<meta property=\"og:type\" content=\"article\" \/>\n<meta property=\"og:title\" content=\"News - Links S.A\" \/>\n<meta property=\"og:description\" content=\"Live Stream From Awwwards Showcasing Trends Home 08 Dec admin3 Comments A day in the life of entrepreneur &amp; ceo There are many variations of but the majority have simply [&hellip;]\" \/>\n<meta property=\"og:url\" content=\"https:\/\/landingwp.links.com.ec\/en\/news\/\" \/>\n<meta property=\"og:site_name\" content=\"Links S.A\" \/>\n<meta name=\"twitter:card\" content=\"summary_large_image\" \/>\n<meta name=\"twitter:label1\" content=\"Est. reading time\" \/>\n\t<meta name=\"twitter:data1\" content=\"1 minute\" \/>\n<script type=\"application\/ld+json\" class=\"yoast-schema-graph\">{\"@context\":\"https:\/\/schema.org\",\"@graph\":[{\"@type\":\"WebPage\",\"@id\":\"https:\/\/landingwp.links.com.ec\/en\/news\/\",\"url\":\"https:\/\/landingwp.links.com.ec\/en\/news\/\",\"name\":\"News - Links S.A\",\"isPartOf\":{\"@id\":\"https:\/\/landingwp.links.com.ec\/#website\"},\"datePublished\":\"2020-12-08T03:54:06+00:00\",\"dateModified\":\"2020-12-08T03:54:06+00:00\",\"breadcrumb\":{\"@id\":\"https:\/\/landingwp.links.com.ec\/en\/news\/#breadcrumb\"},\"inLanguage\":\"en-US\",\"potentialAction\":[{\"@type\":\"ReadAction\",\"target\":[\"https:\/\/landingwp.links.com.ec\/en\/news\/\"]}]},{\"@type\":\"BreadcrumbList\",\"@id\":\"https:\/\/landingwp.links.com.ec\/en\/news\/#breadcrumb\",\"itemListElement\":[{\"@type\":\"ListItem\",\"position\":1,\"name\":\"Portada\",\"item\":\"https:\/\/landingwp.links.com.ec\/\"},{\"@type\":\"ListItem\",\"position\":2,\"name\":\"News\"}]},{\"@type\":\"WebSite\",\"@id\":\"https:\/\/landingwp.links.com.ec\/#website\",\"url\":\"https:\/\/landingwp.links.com.ec\/\",\"name\":\"Links S.A\",\"description\":\"Just another WordPress site\",\"potentialAction\":[{\"@type\":\"SearchAction\",\"target\":{\"@type\":\"EntryPoint\",\"urlTemplate\":\"https:\/\/landingwp.links.com.ec\/?s={search_term_string}\"},\"query-input\":\"required name=search_term_string\"}],\"inLanguage\":\"en-US\"}]}<\/script>\n<!-- \/ Yoast SEO plugin. -->","yoast_head_json":{"title":"News - Links S.A","robots":{"index":"index","follow":"follow","max-snippet":"max-snippet:-1","max-image-preview":"max-image-preview:large","max-video-preview":"max-video-preview:-1"},"canonical":"https:\/\/landingwp.links.com.ec\/en\/news\/","og_locale":"en_US","og_type":"article","og_title":"News - Links S.A","og_description":"Live Stream From Awwwards Showcasing Trends Home 08 Dec admin3 Comments A day in the life of entrepreneur &#038; ceo There are many variations of but the majority have simply [&hellip;]","og_url":"https:\/\/landingwp.links.com.ec\/en\/news\/","og_site_name":"Links S.A","twitter_card":"summary_large_image","twitter_misc":{"Est. reading time":"1 minute"},"schema":{"@context":"https:\/\/schema.org","@graph":[{"@type":"WebPage","@id":"https:\/\/landingwp.links.com.ec\/en\/news\/","url":"https:\/\/landingwp.links.com.ec\/en\/news\/","name":"News - Links S.A","isPartOf":{"@id":"https:\/\/landingwp.links.com.ec\/#website"},"datePublished":"2020-12-08T03:54:06+00:00","dateModified":"2020-12-08T03:54:06+00:00","breadcrumb":{"@id":"https:\/\/landingwp.links.com.ec\/en\/news\/#breadcrumb"},"inLanguage":"en-US","potentialAction":[{"@type":"ReadAction","target":["https:\/\/landingwp.links.com.ec\/en\/news\/"]}]},{"@type":"BreadcrumbList","@id":"https:\/\/landingwp.links.com.ec\/en\/news\/#breadcrumb","itemListElement":[{"@type":"ListItem","position":1,"name":"Portada","item":"https:\/\/landingwp.links.com.ec\/"},{"@type":"ListItem","position":2,"name":"News"}]},{"@type":"WebSite","@id":"https:\/\/landingwp.links.com.ec\/#website","url":"https:\/\/landingwp.links.com.ec\/","name":"Links S.A","description":"Just another WordPress site","potentialAction":[{"@type":"SearchAction","target":{"@type":"EntryPoint","urlTemplate":"https:\/\/landingwp.links.com.ec\/?s={search_term_string}"},"query-input":"required name=search_term_string"}],"inLanguage":"en-US"}]}},"_links":{"self":[{"href":"https:\/\/landingwp.links.com.ec\/en\/wp-json\/wp\/v2\/pages\/25","targetHints":{"allow":["GET"]}}],"collection":[{"href":"https:\/\/landingwp.links.com.ec\/en\/wp-json\/wp\/v2\/pages"}],"about":[{"href":"https:\/\/landingwp.links.com.ec\/en\/wp-json\/wp\/v2\/types\/page"}],"author":[{"embeddable":true,"href":"https:\/\/landingwp.links.com.ec\/en\/wp-json\/wp\/v2\/users\/1"}],"replies":[{"embeddable":true,"href":"https:\/\/landingwp.links.com.ec\/en\/wp-json\/wp\/v2\/comments?post=25"}],"version-history":[{"count":0,"href":"https:\/\/landingwp.links.com.ec\/en\/wp-json\/wp\/v2\/pages\/25\/revisions"}],"wp:attachment":[{"href":"https:\/\/landingwp.links.com.ec\/en\/wp-json\/wp\/v2\/media?parent=25"}],"curies":[{"name":"wp","href":"https:\/\/api.w.org\/{rel}","templated":true}]}}